{"id":32,"date":"2025-01-31T08:17:17","date_gmt":"2025-01-31T14:17:17","guid":{"rendered":"https:\/\/uk.setorreciclagem.com.br\/\/?page_id=32"},"modified":"2025-03-10T15:30:16","modified_gmt":"2025-03-10T20:30:16","slug":"about-us","status":"publish","type":"page","link":"https:\/\/uk.setorreciclagem.com.br\/pt\/about-us\/","title":{"rendered":"Sobre n\u00f3s"},"content":{"rendered":"<p>Bem-vindo ao UK Setor!<\/p>\n\n\n\n<p>Na UK Setor, acreditamos que a beleza est\u00e1 nas pequenas coisas e na simplicidade do dia a dia. A nossa plataforma nasceu da paix\u00e3o por explorar o mundo da arte e da sustentabilidade, trazendo dicas e inspira\u00e7\u00f5es para que todos possam descobrir e valorizar a sua pr\u00f3pria ess\u00eancia criativa.<\/p>\n\n\n\n<h3 class=\"wp-block-heading\">A nossa miss\u00e3o<\/h3>\n\n\n\n<p>A nossa miss\u00e3o \u00e9 partilhar conhecimentos e tend\u00eancias sobre arte sustent\u00e1vel, criatividade e reciclagem. O nosso objetivo \u00e9 capacitar pessoas de todas as idades, ajudando-as a encontrar confian\u00e7a e equil\u00edbrio atrav\u00e9s de pr\u00e1ticas art\u00edsticas ecol\u00f3gicas, sempre valorizando a naturalidade e a autenticidade.<\/p>\n\n\n\n<h3 class=\"wp-block-heading\">O que fazemos<\/h3>\n\n\n\n<p>Aqui na UK Setor, oferecemos conte\u00fados diversificados que incluem projetos de arte de reciclagem DIY, t\u00e9cnicas de arte sustent\u00e1veis, atualiza\u00e7\u00f5es no mundo da arte ecol\u00f3gica e muito mais. Cada artigo \u00e9 concebido para ser \u00fatil, pr\u00e1tico e inspirador, com foco em aprimorar a sua express\u00e3o art\u00edstica \u00fanica, ao mesmo tempo que promove a responsabilidade ambiental.<\/p>\n\n\n\n<h3 class=\"wp-block-heading\">A nossa vis\u00e3o<\/h3>\n\n\n\n<p>Acreditamos que a arte vai al\u00e9m da est\u00e9tica \u2014 est\u00e1 na forma como criamos, nos percebemos e nos conectamos com o mundo \u00e0 nossa volta. A nossa vis\u00e3o \u00e9 criar um espa\u00e7o onde artistas e indiv\u00edduos ambientalmente conscientes possam aprender, inspirar-se e sentir-se mais confiantes para enfrentar os desafios do dia a dia com criatividade e sustentabilidade.<\/p>\n\n\n\n<h3 class=\"wp-block-heading\">Junte-se a n\u00f3s<\/h3>\n\n\n\n<p>Convidamo-lo a explorar a nossa plataforma, descobrir novas dicas de arte sustent\u00e1vel e abra\u00e7ar a simplicidade como um caminho para a express\u00e3o art\u00edstica. Se pretende aprender uma nova t\u00e9cnica de arte de reciclagem, descobrir produtos ecol\u00f3gicos ou simplesmente inspirar-se, a UK Setor \u00e9 o lugar certo para si.<\/p>\n\n\n\n<p>Descubra a arte da sustentabilidade na simplicidade das coisas!<\/p>\n\n\n\n<hr class=\"wp-block-separator has-alpha-channel-opacity\"\/>\n\n\n\n<p><strong>Informa\u00e7\u00f5es de contacto<\/strong><\/p>\n\n\n\n<p>Se tiver alguma d\u00favida ou quiser entrar em contacto, n\u00e3o hesite em contactar-nos atrav\u00e9s do e-mail <a>contact@setorreciclagem.com.br<\/a>.<\/p>\n\n\n\n<p><strong>\u00daltima atualiza\u00e7\u00e3o:<\/strong> <strong>10 de mar\u00e7o de 2025<\/strong>.<\/p>","protected":false},"excerpt":{"rendered":"<p>Welcome to UK Setor! At UK Setor, we believe that beauty lies in the small things and the simplicity of everyday life. Our platform was born from a passion for exploring the world of art and sustainability, bringing tips and inspirations for everyone to discover and value their own creative essence. Our Mission Our mission [&hellip;]<\/p>","protected":false},"author":1,"featured_media":17,"parent":0,"menu_order":0,"comment_status":"closed","ping_status":"closed","template":"","meta":{"footnotes":""},"class_list":["post-32","page","type-page","status-publish","has-post-thumbnail","hentry"],"blocksy_meta":[],"_links":{"self":[{"href":"https:\/\/uk.setorreciclagem.com.br\/pt\/wp-json\/wp\/v2\/pages\/32","targetHints":{"allow":["GET"]}}],"collection":[{"href":"https:\/\/uk.setorreciclagem.com.br\/pt\/wp-json\/wp\/v2\/pages"}],"about":[{"href":"https:\/\/uk.setorreciclagem.com.br\/pt\/wp-json\/wp\/v2\/types\/page"}],"author":[{"embeddable":true,"href":"https:\/\/uk.setorreciclagem.com.br\/pt\/wp-json\/wp\/v2\/users\/1"}],"replies":[{"embeddable":true,"href":"https:\/\/uk.setorreciclagem.com.br\/pt\/wp-json\/wp\/v2\/comments?post=32"}],"version-history":[{"count":2,"href":"https:\/\/uk.setorreciclagem.com.br\/pt\/wp-json\/wp\/v2\/pages\/32\/revisions"}],"predecessor-version":[{"id":170,"href":"https:\/\/uk.setorreciclagem.com.br\/pt\/wp-json\/wp\/v2\/pages\/32\/revisions\/170"}],"wp:featuredmedia":[{"embeddable":true,"href":"https:\/\/uk.setorreciclagem.com.br\/pt\/wp-json\/wp\/v2\/media\/17"}],"wp:attachment":[{"href":"https:\/\/uk.setorreciclagem.com.br\/pt\/wp-json\/wp\/v2\/media?parent=32"}],"curies":[{"name":"wp","href":"https:\/\/api.w.org\/{rel}","templated":true}]}}