{"id":28,"date":"2025-01-31T07:59:31","date_gmt":"2025-01-31T13:59:31","guid":{"rendered":"https:\/\/uk.setorreciclagem.com.br\/\/?page_id=28"},"modified":"2025-03-10T15:28:54","modified_gmt":"2025-03-10T20:28:54","slug":"contact-us","status":"publish","type":"page","link":"https:\/\/uk.setorreciclagem.com.br\/pt\/contact-us\/","title":{"rendered":"Entre em contacto connosco"},"content":{"rendered":"<p>Ol\u00e1! \ud83d\ude0a Precisa entrar em contacto connosco? Estamos aqui para ajudar. Contacte-nos atrav\u00e9s dos nossos canais:<\/p>\n\n\n\n<ul class=\"wp-block-list\">\n<li><strong>E-mail:<\/strong> <a>contato@setorreciclagem.com.br<\/a><\/li>\n\n\n\n<li><strong>Hor\u00e1rio de funcionamento:<\/strong> De segunda a sexta-feira, das 8h \u00e0s 17h.<\/li>\n<\/ul>\n\n\n\n<p>Envie-nos a sua mensagem e responderemos o mais r\u00e1pido poss\u00edvel. Juntos, podemos fazer a diferen\u00e7a no mundo da reciclagem! \ud83c\udf0d\u267b\ufe0f<\/p>","protected":false},"excerpt":{"rendered":"<p>Hello! \ud83d\ude0a Need to get in touch with us? We&#8217;re here to help. Contact us through our channels: Send us your message and we will respond as soon as possible. Together, we can make a difference in the recycling world! \ud83c\udf0d\u267b\ufe0f<\/p>","protected":false},"author":1,"featured_media":17,"parent":0,"menu_order":0,"comment_status":"closed","ping_status":"closed","template":"","meta":{"footnotes":""},"class_list":["post-28","page","type-page","status-publish","has-post-thumbnail","hentry"],"blocksy_meta":[],"_links":{"self":[{"href":"https:\/\/uk.setorreciclagem.com.br\/pt\/wp-json\/wp\/v2\/pages\/28","targetHints":{"allow":["GET"]}}],"collection":[{"href":"https:\/\/uk.setorreciclagem.com.br\/pt\/wp-json\/wp\/v2\/pages"}],"about":[{"href":"https:\/\/uk.setorreciclagem.com.br\/pt\/wp-json\/wp\/v2\/types\/page"}],"author":[{"embeddable":true,"href":"https:\/\/uk.setorreciclagem.com.br\/pt\/wp-json\/wp\/v2\/users\/1"}],"replies":[{"embeddable":true,"href":"https:\/\/uk.setorreciclagem.com.br\/pt\/wp-json\/wp\/v2\/comments?post=28"}],"version-history":[{"count":2,"href":"https:\/\/uk.setorreciclagem.com.br\/pt\/wp-json\/wp\/v2\/pages\/28\/revisions"}],"predecessor-version":[{"id":168,"href":"https:\/\/uk.setorreciclagem.com.br\/pt\/wp-json\/wp\/v2\/pages\/28\/revisions\/168"}],"wp:featuredmedia":[{"embeddable":true,"href":"https:\/\/uk.setorreciclagem.com.br\/pt\/wp-json\/wp\/v2\/media\/17"}],"wp:attachment":[{"href":"https:\/\/uk.setorreciclagem.com.br\/pt\/wp-json\/wp\/v2\/media?parent=28"}],"curies":[{"name":"wp","href":"https:\/\/api.w.org\/{rel}","templated":true}]}}