{"id":32,"date":"2025-01-31T08:17:17","date_gmt":"2025-01-31T14:17:17","guid":{"rendered":"https:\/\/uk.setorreciclagem.com.br\/\/?page_id=32"},"modified":"2025-03-10T15:30:16","modified_gmt":"2025-03-10T20:30:16","slug":"about-us","status":"publish","type":"page","link":"https:\/\/uk.setorreciclagem.com.br\/it\/about-us\/","title":{"rendered":"Chi siamo"},"content":{"rendered":"<p>Benvenuti nel Regno Unito Setor!<\/p>\n\n\n\n<p>Noi di UK Setor crediamo che la bellezza risieda nelle piccole cose e nella semplicit\u00e0 della vita quotidiana. La nostra piattaforma nasce dalla passione per l'esplorazione del mondo dell'arte e della sostenibilit\u00e0, offrendo consigli e ispirazioni affinch\u00e9 tutti possano scoprire e valorizzare la propria essenza creativa.<\/p>\n\n\n\n<h3 class=\"wp-block-heading\">La nostra missione<\/h3>\n\n\n\n<p>La nostra missione \u00e8 condividere conoscenze e tendenze relative all'arte sostenibile, alla creativit\u00e0 e al riciclaggio. Il nostro obiettivo \u00e8 responsabilizzare persone di tutte le et\u00e0, aiutandole a trovare sicurezza ed equilibrio attraverso pratiche artistiche eco-compatibili, valorizzando sempre la naturalezza e l'autenticit\u00e0.<\/p>\n\n\n\n<h3 class=\"wp-block-heading\">Cosa facciamo<\/h3>\n\n\n\n<p>Qui a UK Setor offriamo contenuti diversificati che includono progetti artistici fai-da-te di riciclo, tecniche artistiche sostenibili, aggiornamenti sul mondo dell'arte ecologica e molto altro ancora. Ogni articolo \u00e8 pensato per essere utile, pratico e stimolante, con l'obiettivo di migliorare la tua espressione artistica unica promuovendo al contempo la responsabilit\u00e0 ambientale.<\/p>\n\n\n\n<h3 class=\"wp-block-heading\">La nostra visione<\/h3>\n\n\n\n<p>Crediamo che l'arte vada oltre l'estetica: \u00e8 il modo in cui creiamo, percepiamo noi stessi e ci relazioniamo con il mondo che ci circonda. La nostra visione \u00e8 quella di creare uno spazio in cui artisti e persone attente all'ambiente possano imparare, trarre ispirazione e sentirsi pi\u00f9 sicuri nell'affrontare le sfide quotidiane con creativit\u00e0 e sostenibilit\u00e0.<\/p>\n\n\n\n<h3 class=\"wp-block-heading\">Unisciti a noi<\/h3>\n\n\n\n<p>Ti invitiamo a esplorare la nostra piattaforma, scoprire nuovi consigli sull'arte sostenibile e abbracciare la semplicit\u00e0 come percorso verso l'espressione artistica. Che tu stia cercando di imparare una nuova tecnica di riciclo artistico, scoprire prodotti eco-compatibili o semplicemente trovare ispirazione, UK Setor \u00e8 il posto giusto per te.<\/p>\n\n\n\n<p>Scopri l'arte della sostenibilit\u00e0 nella semplicit\u00e0 delle cose!<\/p>\n\n\n\n<hr class=\"wp-block-separator has-alpha-channel-opacity\"\/>\n\n\n\n<p><strong>Informazioni di contatto<\/strong><\/p>\n\n\n\n<p>Se avete domande o desiderate mettervi in contatto con noi, non esitate a contattarci all'indirizzo <a>contact@setorreciclagem.com.br<\/a>.<\/p>\n\n\n\n<p><strong>Ultimo aggiornamento:<\/strong> <strong>10 marzo 2025<\/strong>.<\/p>","protected":false},"excerpt":{"rendered":"<p>Benvenuti su UK Setor! Noi di UK Setor crediamo che la bellezza risieda nelle piccole cose e nella semplicit\u00e0 della vita quotidiana. La nostra piattaforma nasce dalla passione per l'esplorazione del mondo dell'arte e della sostenibilit\u00e0, con l'obiettivo di fornire consigli e ispirazioni affinch\u00e9 tutti possano scoprire e valorizzare la propria essenza creativa. La nostra missione La nostra missione [\u2026]<\/p>","protected":false},"author":1,"featured_media":17,"parent":0,"menu_order":0,"comment_status":"closed","ping_status":"closed","template":"","meta":{"footnotes":""},"class_list":["post-32","page","type-page","status-publish","has-post-thumbnail","hentry"],"blocksy_meta":[],"_links":{"self":[{"href":"https:\/\/uk.setorreciclagem.com.br\/it\/wp-json\/wp\/v2\/pages\/32","targetHints":{"allow":["GET"]}}],"collection":[{"href":"https:\/\/uk.setorreciclagem.com.br\/it\/wp-json\/wp\/v2\/pages"}],"about":[{"href":"https:\/\/uk.setorreciclagem.com.br\/it\/wp-json\/wp\/v2\/types\/page"}],"author":[{"embeddable":true,"href":"https:\/\/uk.setorreciclagem.com.br\/it\/wp-json\/wp\/v2\/users\/1"}],"replies":[{"embeddable":true,"href":"https:\/\/uk.setorreciclagem.com.br\/it\/wp-json\/wp\/v2\/comments?post=32"}],"version-history":[{"count":2,"href":"https:\/\/uk.setorreciclagem.com.br\/it\/wp-json\/wp\/v2\/pages\/32\/revisions"}],"predecessor-version":[{"id":170,"href":"https:\/\/uk.setorreciclagem.com.br\/it\/wp-json\/wp\/v2\/pages\/32\/revisions\/170"}],"wp:featuredmedia":[{"embeddable":true,"href":"https:\/\/uk.setorreciclagem.com.br\/it\/wp-json\/wp\/v2\/media\/17"}],"wp:attachment":[{"href":"https:\/\/uk.setorreciclagem.com.br\/it\/wp-json\/wp\/v2\/media?parent=32"}],"curies":[{"name":"wp","href":"https:\/\/api.w.org\/{rel}","templated":true}]}}