{"id":32,"date":"2025-01-31T08:17:17","date_gmt":"2025-01-31T14:17:17","guid":{"rendered":"https:\/\/uk.setorreciclagem.com.br\/\/?page_id=32"},"modified":"2025-03-10T15:30:16","modified_gmt":"2025-03-10T20:30:16","slug":"about-us","status":"publish","type":"page","link":"https:\/\/uk.setorreciclagem.com.br\/fr\/about-us\/","title":{"rendered":"\u00c0 propos de nous"},"content":{"rendered":"<p>Bienvenue chez UK Setor !<\/p>\n\n\n\n<p>Chez UK Setor, nous croyons que la beaut\u00e9 r\u00e9side dans les petites choses et la simplicit\u00e9 de la vie quotidienne. Notre plateforme est n\u00e9e d'une passion pour l'exploration du monde de l'art et du d\u00e9veloppement durable, apportant des conseils et des inspirations pour que chacun puisse d\u00e9couvrir et valoriser sa propre essence cr\u00e9ative.<\/p>\n\n\n\n<h3 class=\"wp-block-heading\">Notre mission<\/h3>\n\n\n\n<p>Notre mission est de partager nos connaissances et les tendances en mati\u00e8re d'art durable, de cr\u00e9ativit\u00e9 et de recyclage. Nous souhaitons autonomiser les personnes de tous \u00e2ges, en les aidant \u00e0 trouver confiance et \u00e9quilibre gr\u00e2ce \u00e0 des pratiques artistiques respectueuses de l'environnement, en valorisant toujours le naturel et l'authenticit\u00e9.<\/p>\n\n\n\n<h3 class=\"wp-block-heading\">Ce que nous faisons<\/h3>\n\n\n\n<p>Chez UK Setor, nous proposons des contenus vari\u00e9s, notamment des projets artistiques DIY ax\u00e9s sur le recyclage, des techniques artistiques durables, des actualit\u00e9s du monde de l'art \u00e9cologique, et bien plus encore. Chaque article est con\u00e7u pour \u00eatre utile, pratique et inspirant, en mettant l'accent sur l'am\u00e9lioration de votre expression artistique unique tout en promouvant la responsabilit\u00e9 environnementale.<\/p>\n\n\n\n<h3 class=\"wp-block-heading\">Notre vision<\/h3>\n\n\n\n<p>Nous croyons que l'art va au-del\u00e0 de l'esth\u00e9tique : il r\u00e9side dans notre fa\u00e7on de cr\u00e9er, de nous percevoir et d'entrer en relation avec le monde qui nous entoure. Notre vision est de cr\u00e9er un espace o\u00f9 les artistes et les personnes soucieuses de l'environnement peuvent apprendre, trouver l'inspiration et se sentir plus confiants pour relever les d\u00e9fis quotidiens avec cr\u00e9ativit\u00e9 et durabilit\u00e9.<\/p>\n\n\n\n<h3 class=\"wp-block-heading\">Rejoignez-nous<\/h3>\n\n\n\n<p>Nous vous invitons \u00e0 explorer notre plateforme, \u00e0 d\u00e9couvrir de nouveaux conseils en mati\u00e8re d'art durable et \u00e0 adopter la simplicit\u00e9 comme moyen d'expression artistique. Que vous souhaitiez apprendre une nouvelle technique d'art recycl\u00e9, d\u00e9couvrir des produits \u00e9cologiques ou simplement trouver l'inspiration, UK Setor est le site qu'il vous faut.<\/p>\n\n\n\n<p>D\u00e9couvrez l'art de la durabilit\u00e9 dans la simplicit\u00e9 des choses !<\/p>\n\n\n\n<hr class=\"wp-block-separator has-alpha-channel-opacity\"\/>\n\n\n\n<p><strong>Coordonn\u00e9es<\/strong><\/p>\n\n\n\n<p>Si vous avez des questions ou souhaitez nous contacter, n'h\u00e9sitez pas \u00e0 nous \u00e9crire \u00e0 l'adresse suivante : <a>contact@setorreciclagem.com.br<\/a>.<\/p>\n\n\n\n<p><strong>Derni\u00e8re mise \u00e0 jour :<\/strong> <strong>10 mars 2025<\/strong>.<\/p>","protected":false},"excerpt":{"rendered":"<p>Bienvenue chez UK Setor ! Chez UK Setor, nous pensons que la beaut\u00e9 r\u00e9side dans les petites choses et la simplicit\u00e9 de la vie quotidienne. Notre plateforme est n\u00e9e d'une passion pour l'exploration du monde de l'art et du d\u00e9veloppement durable, et propose des conseils et des sources d'inspiration pour que chacun puisse d\u00e9couvrir et appr\u00e9cier sa propre essence cr\u00e9ative. Notre mission Notre mission [\u2026]<\/p>","protected":false},"author":1,"featured_media":17,"parent":0,"menu_order":0,"comment_status":"closed","ping_status":"closed","template":"","meta":{"footnotes":""},"class_list":["post-32","page","type-page","status-publish","has-post-thumbnail","hentry"],"blocksy_meta":[],"_links":{"self":[{"href":"https:\/\/uk.setorreciclagem.com.br\/fr\/wp-json\/wp\/v2\/pages\/32","targetHints":{"allow":["GET"]}}],"collection":[{"href":"https:\/\/uk.setorreciclagem.com.br\/fr\/wp-json\/wp\/v2\/pages"}],"about":[{"href":"https:\/\/uk.setorreciclagem.com.br\/fr\/wp-json\/wp\/v2\/types\/page"}],"author":[{"embeddable":true,"href":"https:\/\/uk.setorreciclagem.com.br\/fr\/wp-json\/wp\/v2\/users\/1"}],"replies":[{"embeddable":true,"href":"https:\/\/uk.setorreciclagem.com.br\/fr\/wp-json\/wp\/v2\/comments?post=32"}],"version-history":[{"count":2,"href":"https:\/\/uk.setorreciclagem.com.br\/fr\/wp-json\/wp\/v2\/pages\/32\/revisions"}],"predecessor-version":[{"id":170,"href":"https:\/\/uk.setorreciclagem.com.br\/fr\/wp-json\/wp\/v2\/pages\/32\/revisions\/170"}],"wp:featuredmedia":[{"embeddable":true,"href":"https:\/\/uk.setorreciclagem.com.br\/fr\/wp-json\/wp\/v2\/media\/17"}],"wp:attachment":[{"href":"https:\/\/uk.setorreciclagem.com.br\/fr\/wp-json\/wp\/v2\/media?parent=32"}],"curies":[{"name":"wp","href":"https:\/\/api.w.org\/{rel}","templated":true}]}}