{"id":3,"date":"2025-01-24T01:50:31","date_gmt":"2025-01-24T04:50:31","guid":{"rendered":"https:\/\/uk.setorreciclagem.com.br\/\/?page_id=3"},"modified":"2025-03-10T15:27:49","modified_gmt":"2025-03-10T20:27:49","slug":"politica-de-privacidade","status":"publish","type":"page","link":"https:\/\/uk.setorreciclagem.com.br\/fr\/politica-de-privacidade\/","title":{"rendered":"Politique de confidentialit\u00e9"},"content":{"rendered":"<p>Bienvenue chez UK Setor ! La pr\u00e9sente politique de confidentialit\u00e9 d\u00e9crit la mani\u00e8re dont UK Setor (\u201c nous \u201d, \u201c notre \u201d ou \u201c nos \u201d) collecte, utilise, stocke et prot\u00e8ge les informations personnelles des utilisateurs (\u201c vous \u201d ou \u201c vos \u201d) qui acc\u00e8dent au site web et l'utilisent. <a href=\"https:\/\/uk.setorreciclagem.com.br\/fr\/\">https:\/\/uk.setorreciclagem.com.b<\/a><a href=\"http:\/\/www.euro.artereciclada.com.br\" data-type=\"link\" data-id=\"www.euro.artereciclada.com.br\" target=\"_blank\" rel=\"noopener\">r<\/a> (ci-apr\u00e8s d\u00e9nomm\u00e9 \u201c Site \u201d). Nous nous engageons \u00e0 prot\u00e9ger votre vie priv\u00e9e et \u00e0 garantir la s\u00e9curit\u00e9 de vos informations personnelles conform\u00e9ment \u00e0 la loi g\u00e9n\u00e9rale sur la protection des donn\u00e9es (LGPD \u2013 loi n\u00b0 13.709\/2018).<\/p>\n\n\n\n<h3 class=\"wp-block-heading\">1. Introduction<\/h3>\n\n\n\n<p>Votre vie priv\u00e9e et la protection de vos donn\u00e9es personnelles sont d'une importance capitale pour nous. La pr\u00e9sente politique de confidentialit\u00e9 explique comment nous collectons, utilisons, divulguons et prot\u00e9geons vos informations lorsque vous utilisez notre site. En acc\u00e9dant \u00e0 notre site ou en l'utilisant, vous acceptez la collecte et l'utilisation d'informations conform\u00e9ment \u00e0 la pr\u00e9sente politique.<\/p>\n\n\n\n<h3 class=\"wp-block-heading\">2. Collecte des donn\u00e9es<\/h3>\n\n\n\n<h4 class=\"wp-block-heading\">2.1 Informations que nous recueillons<\/h4>\n\n\n\n<p>Nous recueillons diff\u00e9rents types d'informations afin de vous fournir et d'am\u00e9liorer nos services :<\/p>\n\n\n\n<ul class=\"wp-block-list\">\n<li><strong>Informations personnelles :<\/strong> Nom, adresse e-mail, num\u00e9ro de t\u00e9l\u00e9phone et autres informations que vous fournissez volontairement lors de votre inscription, d'un achat ou lorsque vous nous contactez.<\/li>\n\n\n\n<li><strong>Donn\u00e9es d'utilisation :<\/strong> Informations relatives \u00e0 votre acc\u00e8s et \u00e0 votre utilisation du Site, notamment votre adresse IP, le type de navigateur utilis\u00e9, les pages consult\u00e9es, le temps pass\u00e9 sur chaque page et d'autres indicateurs de performance.<\/li>\n\n\n\n<li><strong>Cookies et technologies similaires :<\/strong> Nous utilisons des cookies et d'autres technologies de suivi pour collecter des informations sur vos activit\u00e9s de navigation sur le Site.<\/li>\n<\/ul>\n\n\n\n<h4 class=\"wp-block-heading\">2.2 M\u00e9thodes de collecte<\/h4>\n\n\n\n<ul class=\"wp-block-list\">\n<li><strong>Directement de vous :<\/strong> Nous recueillons les informations que vous fournissez directement en remplissant des formulaires, en vous abonnant \u00e0 des newsletters, en effectuant des achats ou en interagissant avec nous de toute autre mani\u00e8re.<\/li>\n\n\n\n<li><strong>Automatiquement :<\/strong> Nous utilisons des technologies telles que les cookies, les balises Web et les journaux de serveur pour collecter automatiquement des informations lorsque vous visitez le Site.<\/li>\n<\/ul>\n\n\n\n<h3 class=\"wp-block-heading\">3. Utilisation des donn\u00e9es<\/h3>\n\n\n\n<p>Nous utilisons les informations collect\u00e9es aux fins suivantes :<\/p>\n\n\n\n<ul class=\"wp-block-list\">\n<li><strong>Fournir et am\u00e9liorer les services :<\/strong> Pour exploiter, maintenir et am\u00e9liorer le Site, personnaliser votre exp\u00e9rience et r\u00e9pondre \u00e0 vos demandes.<\/li>\n\n\n\n<li><strong>Communications :<\/strong> Pour envoyer des mises \u00e0 jour, des promotions, des newsletters et d'autres communications li\u00e9es au Site et \u00e0 nos services, \u00e0 condition que vous ayez donn\u00e9 votre consentement pr\u00e9alable.<\/li>\n\n\n\n<li><strong>Marketing :<\/strong> Pour analyser les tendances, administrer le site et collecter des informations d\u00e9mographiques \u00e0 usage interne.<\/li>\n\n\n\n<li><strong>S\u00e9curit\u00e9 :<\/strong> Pour se prot\u00e9ger contre la fraude, les abus et autres activit\u00e9s ill\u00e9gales ou pr\u00e9judiciables.<\/li>\n<\/ul>\n\n\n\n<h3 class=\"wp-block-heading\">4. Partage des donn\u00e9es<\/h3>\n\n\n\n<h4 class=\"wp-block-heading\">4.1 Tiers de confiance<\/h4>\n\n\n\n<p>Nous pouvons partager vos informations avec des tiers de confiance qui nous aident \u00e0 exploiter le Site et \u00e0 fournir des services, \u00e0 condition que ces tiers acceptent de garder ces informations confidentielles et de les utiliser uniquement aux fins que nous avons autoris\u00e9es.<\/p>\n\n\n\n<h4 class=\"wp-block-heading\">4.2 Obligations l\u00e9gales<\/h4>\n\n\n\n<p>Nous pouvons divulguer vos informations personnelles si la loi, la r\u00e9glementation ou une proc\u00e9dure judiciaire l'exige, ou pour prot\u00e9ger nos droits, notre propri\u00e9t\u00e9 ou notre s\u00e9curit\u00e9, ainsi que ceux de nos utilisateurs et d'autres personnes.<\/p>\n\n\n\n<h4 class=\"wp-block-heading\">4.3 Transferts internationaux<\/h4>\n\n\n\n<p>Vos informations peuvent \u00eatre transf\u00e9r\u00e9es et conserv\u00e9es sur des serveurs situ\u00e9s en dehors du Br\u00e9sil. Nous veillerons \u00e0 ce que ces transferts soient effectu\u00e9s conform\u00e9ment \u00e0 la LGPD, en garantissant des niveaux ad\u00e9quats de protection des donn\u00e9es.<\/p>\n\n\n\n<h3 class=\"wp-block-heading\">5. S\u00e9curit\u00e9 des donn\u00e9es<\/h3>\n\n\n\n<p>Nous adoptons des mesures de s\u00e9curit\u00e9 techniques et organisationnelles appropri\u00e9es pour prot\u00e9ger vos informations personnelles contre tout acc\u00e8s non autoris\u00e9, toute modification, divulgation ou destruction. Cependant, aucune transmission de donn\u00e9es sur Internet ou m\u00e9thode de stockage \u00e9lectronique n'est s\u00e9curis\u00e9e \u00e0 100 %. Par cons\u00e9quent, nous ne pouvons garantir la s\u00e9curit\u00e9 absolue de vos informations.<\/p>\n\n\n\n<h3 class=\"wp-block-heading\">6. Droits des utilisateurs en vertu de la LGPD<\/h3>\n\n\n\n<p>Conform\u00e9ment \u00e0 la LGPD, vous disposez des droits suivants concernant vos donn\u00e9es personnelles :<\/p>\n\n\n\n<ul class=\"wp-block-list\">\n<li><strong>Acc\u00e8s :<\/strong> Le droit de demander l'acc\u00e8s \u00e0 vos donn\u00e9es personnelles que nous d\u00e9tenons.<\/li>\n\n\n\n<li><strong>Correction :<\/strong> Le droit de demander la correction de donn\u00e9es incompl\u00e8tes, inexactes ou obsol\u00e8tes.<\/li>\n\n\n\n<li><strong>Suppression :<\/strong> Le droit de demander la suppression de vos donn\u00e9es personnelles, \u00e0 condition qu'il n'existe aucune obligation l\u00e9gale de les conserver.<\/li>\n\n\n\n<li><strong>Portabilit\u00e9 :<\/strong> Le droit de demander le transfert de vos donn\u00e9es personnelles vers un autre fournisseur de services ou de produits.<\/li>\n\n\n\n<li><strong>R\u00e9vocation du consentement :<\/strong> Le droit de r\u00e9voquer le consentement pr\u00e9c\u00e9demment donn\u00e9 pour le traitement de vos donn\u00e9es personnelles.<\/li>\n<\/ul>\n\n\n\n<p>Pour exercer l'un de ces droits, veuillez nous contacter \u00e0 l'adresse suivante : <a><a href=\"http:\/\/www.euro.artereciclada.com.br\" data-type=\"link\" data-id=\"www.euro.artereciclada.com.br\" target=\"_blank\" rel=\"noopener\">contato@artereciclada.com.br<\/a><\/a>.<\/p>\n\n\n\n<h3 class=\"wp-block-heading\">7. Politique en mati\u00e8re de cookies<\/h3>\n\n\n\n<h4 class=\"wp-block-heading\">7.1 Que sont les cookies ?<\/h4>\n\n\n\n<p>Les cookies sont de petits fichiers texte stock\u00e9s sur votre appareil lorsque vous visitez un site web. Ils sont largement utilis\u00e9s pour am\u00e9liorer le fonctionnement des sites web et fournir des informations aux propri\u00e9taires de sites.<\/p>\n\n\n\n<h4 class=\"wp-block-heading\">7.2 Types de cookies utilis\u00e9s<\/h4>\n\n\n\n<p>Nous utilisons diff\u00e9rents types de cookies \u00e0 des fins diverses :<\/p>\n\n\n\n<ul class=\"wp-block-list\">\n<li><strong>Cookies essentiels :<\/strong> N\u00e9cessaires au fonctionnement de base du site. Ces cookies permettent la navigation sur le site et l'utilisation de ses fonctionnalit\u00e9s, telles que l'acc\u00e8s \u00e0 des zones s\u00e9curis\u00e9es. Sans ces cookies, certains services propos\u00e9s sur le site ne peuvent \u00eatre fournis.<\/li>\n\n\n\n<li><strong>Cookies de performance :<\/strong> Collecter des informations sur la mani\u00e8re dont vous utilisez le Site, telles que les pages que vous visitez le plus souvent et si vous recevez des messages d'erreur provenant de pages web. Ces cookies ne collectent pas d'informations permettant d'identifier un visiteur. Toutes les informations collect\u00e9es par ces cookies sont agr\u00e9g\u00e9es et donc anonymes. Elles sont utilis\u00e9es uniquement pour am\u00e9liorer le fonctionnement du Site.<\/li>\n\n\n\n<li><strong>Cookies fonctionnels :<\/strong> Permettre au Site de m\u00e9moriser vos choix (tels que votre nom d'utilisateur, votre langue ou la r\u00e9gion dans laquelle vous vous trouvez) et vous offrir des fonctionnalit\u00e9s am\u00e9lior\u00e9es et plus personnalis\u00e9es. Ces informations peuvent \u00eatre utilis\u00e9es pour m\u00e9moriser vos pr\u00e9f\u00e9rences lors de vos prochaines visites sur le Site.<\/li>\n\n\n\n<li><strong>Cookies publicitaires :<\/strong> Utilis\u00e9s pour diffuser des publicit\u00e9s plus pertinentes pour vous et vos centres d'int\u00e9r\u00eat. Ils servent \u00e9galement \u00e0 limiter le nombre de fois o\u00f9 vous voyez une publicit\u00e9 et \u00e0 mesurer l'efficacit\u00e9 des campagnes publicitaires.<\/li>\n<\/ul>\n\n\n\n<h4 class=\"wp-block-heading\">7.3 Comment nous utilisons les cookies<\/h4>\n\n\n\n<p>Nous utilisons des cookies aux fins suivantes :<\/p>\n\n\n\n<ul class=\"wp-block-list\">\n<li><strong>Authentification et s\u00e9curit\u00e9 :<\/strong> Pour vous garantir un acc\u00e8s s\u00e9curis\u00e9 au Site et \u00e0 ses fonctionnalit\u00e9s.<\/li>\n\n\n\n<li><strong>Analyse et am\u00e9lioration :<\/strong> Pour comprendre comment les utilisateurs interagissent avec le Site afin d'am\u00e9liorer sa convivialit\u00e9 et son contenu.<\/li>\n\n\n\n<li><strong>Personnalisation :<\/strong> Pour adapter le contenu et les offres en fonction de vos pr\u00e9f\u00e9rences et de votre comportement de navigation.<\/li>\n\n\n\n<li><strong>Publicit\u00e9 :<\/strong> Pour afficher des publicit\u00e9s pertinentes et personnalis\u00e9es et pour mesurer l'efficacit\u00e9 des campagnes publicitaires.<\/li>\n<\/ul>\n\n\n\n<h4 class=\"wp-block-heading\">7.4 Gestion des cookies<\/h4>\n\n\n\n<p>Vous pouvez g\u00e9rer et contr\u00f4ler l'utilisation des cookies via les param\u00e8tres de votre navigateur. La plupart des navigateurs vous permettent de refuser ou d'accepter les cookies, de bloquer les cookies tiers ou de supprimer les cookies d\u00e9j\u00e0 stock\u00e9s. Cependant, la d\u00e9sactivation des cookies essentiels peut affecter le fonctionnement du Site et limiter votre exp\u00e9rience de navigation.<\/p>\n\n\n\n<p>Pour plus d'informations sur la gestion des cookies, vous pouvez consulter le site <a href=\"https:\/\/www.aboutcookies.org\" target=\"_blank\" rel=\"noopener\">www.aboutcookies.org<\/a> ou <a href=\"https:\/\/www.allaboutcookies.org\" target=\"_blank\" rel=\"noopener\">www.allaboutcookies.org<\/a>.<\/p>\n\n\n\n<h3 class=\"wp-block-heading\">8. Services tiers<\/h3>\n\n\n\n<p>Nous pouvons utiliser des services tiers pour fournir des fonctionnalit\u00e9s suppl\u00e9mentaires au Site, telles que le traitement des paiements, l'analyse des donn\u00e9es et l'h\u00e9bergement de contenu. Ces tiers peuvent avoir acc\u00e8s \u00e0 vos informations personnelles uniquement pour effectuer ces t\u00e2ches en notre nom et sont tenus de prot\u00e9ger ces informations conform\u00e9ment \u00e0 la pr\u00e9sente Politique de confidentialit\u00e9 et \u00e0 la LGPD.<\/p>\n\n\n\n<h3 class=\"wp-block-heading\">9. Confidentialit\u00e9 des enfants<\/h3>\n\n\n\n<p>Notre site n'est pas destin\u00e9 aux enfants de moins de 18 ans. Nous ne collectons pas sciemment d'informations personnelles aupr\u00e8s d'enfants. Si nous apprenons que nous avons collect\u00e9 par inadvertance des informations personnelles aupr\u00e8s d'un enfant, nous prendrons les mesures n\u00e9cessaires pour supprimer imm\u00e9diatement ces informations.<\/p>\n\n\n\n<h3 class=\"wp-block-heading\">10. Modifications apport\u00e9es \u00e0 la politique de confidentialit\u00e9<\/h3>\n\n\n\n<p>Nous pouvons mettre \u00e0 jour notre politique de confidentialit\u00e9 de temps \u00e0 autre. Nous vous informerons de tout changement en publiant la nouvelle politique de confidentialit\u00e9 sur le site. Nous vous recommandons de consulter r\u00e9guli\u00e8rement cette politique de confidentialit\u00e9 afin de rester inform\u00e9 de la mani\u00e8re dont nous prot\u00e9geons vos informations.<\/p>\n\n\n\n<h3 class=\"wp-block-heading\">11. Contact<\/h3>\n\n\n\n<p>Si vous avez des questions concernant cette politique de confidentialit\u00e9, veuillez nous contacter \u00e0 l'adresse suivante : <a><a href=\"http:\/\/www.euro.artereciclada.com.br\" data-type=\"link\" data-id=\"www.euro.artereciclada.com.br\" target=\"_blank\" rel=\"noopener\">contato@artereciclada.com.br<\/a><\/a>.<\/p>\n\n\n\n<p><strong>Derni\u00e8re mise \u00e0 jour :<\/strong> <strong>10 mars 2025<\/strong>.<\/p>\n\n\n\n<p><\/p>","protected":false},"excerpt":{"rendered":"<p>Welcome to UK Setor! This Privacy Policy describes how UK Setor (&#8220;we&#8221;, &#8220;our&#8221;, or &#8220;us&#8221;) collects, uses, stores, and protects the personal information of users (&#8220;you&#8221; or &#8220;your&#8221;) who access and use the website https:\/\/uk.setorreciclagem.com.br (hereinafter referred to as the &#8220;Site&#8221;). We are committed to protecting your privacy and ensuring the security of your personal [&hellip;]<\/p>","protected":false},"author":1,"featured_media":17,"parent":0,"menu_order":0,"comment_status":"closed","ping_status":"open","template":"","meta":{"footnotes":""},"class_list":["post-3","page","type-page","status-publish","has-post-thumbnail","hentry"],"blocksy_meta":[],"_links":{"self":[{"href":"https:\/\/uk.setorreciclagem.com.br\/fr\/wp-json\/wp\/v2\/pages\/3","targetHints":{"allow":["GET"]}}],"collection":[{"href":"https:\/\/uk.setorreciclagem.com.br\/fr\/wp-json\/wp\/v2\/pages"}],"about":[{"href":"https:\/\/uk.setorreciclagem.com.br\/fr\/wp-json\/wp\/v2\/types\/page"}],"author":[{"embeddable":true,"href":"https:\/\/uk.setorreciclagem.com.br\/fr\/wp-json\/wp\/v2\/users\/1"}],"replies":[{"embeddable":true,"href":"https:\/\/uk.setorreciclagem.com.br\/fr\/wp-json\/wp\/v2\/comments?post=3"}],"version-history":[{"count":2,"href":"https:\/\/uk.setorreciclagem.com.br\/fr\/wp-json\/wp\/v2\/pages\/3\/revisions"}],"predecessor-version":[{"id":166,"href":"https:\/\/uk.setorreciclagem.com.br\/fr\/wp-json\/wp\/v2\/pages\/3\/revisions\/166"}],"wp:featuredmedia":[{"embeddable":true,"href":"https:\/\/uk.setorreciclagem.com.br\/fr\/wp-json\/wp\/v2\/media\/17"}],"wp:attachment":[{"href":"https:\/\/uk.setorreciclagem.com.br\/fr\/wp-json\/wp\/v2\/media?parent=3"}],"curies":[{"name":"wp","href":"https:\/\/api.w.org\/{rel}","templated":true}]}}